{"id":369,"date":"2013-08-23T14:06:44","date_gmt":"2013-08-23T14:06:44","guid":{"rendered":"http:\/\/alpentouren.net\/?page_id=369"},"modified":"2023-07-30T20:48:41","modified_gmt":"2023-07-30T20:48:41","slug":"info","status":"publish","type":"page","link":"https:\/\/alpentouren.net\/?page_id=369","title":{"rendered":"Einleitung"},"content":{"rendered":"<h1>So fing es an&#8230;<\/h1>\n<blockquote><p>&#8222;&#8230;es hatte sich schon rumgesprochen, da\u00df zwei bekloppte Deutsche hier zelten, die wie die Irren die Berge rauffahren, um sich dann mit ihrem Motorrad zu photographieren&#8230;&#8220;<\/p><\/blockquote>\n<p>1994 fuhren Markus und ich zum ersten Mal bei der Alpenfahrt des MFP Unterland e.V. mit. Nat\u00fcrlich gleich mit dem Ziel einen Pokal zu holen. Was uns am Ende mit einem erstaunlichen vierten Platz in der Gesamtwertung auch gelang. Aber bis dahin war es ein m\u00fchsamer Weg, auf dem wir etliche Kilometer auf asphaltierten Stra\u00dfen, aber auch auf ziemlichen Schotterpisten zur\u00fccklegten.<\/p>\n<p>Auf unserer ersten Tour schlossen wir uns meinem Vater an, der schon bei mehreren Alpenfahrt zuvor viel Erfahrung gesammelt hatte. Auf diese Weise mu\u00dften wir uns um keine Streckenplanung k\u00fcmmern und haben trotzdem einen Haufen Ziele anfahren k\u00f6nnen. Ziel und Ausgangspunkt f\u00fcr diese Wochenendtour war das sch\u00f6ne schweizerische St\u00e4dtchen Martigny, was einen idealen Standort bietet, viele Berge und P\u00e4sse in den wallisischen Alpen anzufahren. Mit den hier gemachten Erfahrungen entschlossen wir uns, die n\u00e4chste Tour gleich mal auf zwei Wochen auszudehnen und auch ganz auf uns alleine gestellt so viele Ziele wie m\u00f6glich zu erreichen.<\/p>\n<p>Unser Basislager auf dieser Tour schlugen wir zuerst wieder in Martigny auf, weil es noch einige Ziele im Wallis gab, die von uns besucht werden wollten. Nachdem wir dort einige Tage rumgefahren sind und auch die Berge immer gefunden hatten, die als Ziele angegeben waren, nahmen wir die Verbindungsetappe zu unserem n\u00e4chsten Campingplatz im franz\u00f6sischen Briancon in Angriff. Nat\u00fcrlich nicht, ohne uns noch 10 (in Worten: zehn) Ziele auf dem Weg anschauen zu wollen. Dieser Tag war dann auch ziemlich stressig, da neben den Zielen selbst auch noch die reine Entfernung von gut 600 km nach Briancon zur\u00fcckgelegt werden wollten. Auf dieser Etappe erreichten wir unter anderem so ber\u00fchmte Berge wie den Iseran und den Galibier.<\/p>\n<p>Nachdem wir unser Zelt aufgeschlagen hatten, haben wir dann nur noch gepennt, um f\u00fcr die n\u00e4chsten Tage wieder richtig fit zu sein. Abstecher f\u00fchrten uns z.B. nach Alpe d\u00b4Huez und auf den Col d\u00b4Izoard. Abends auf dem Campingplatz wurden wir von einem Wirtschaftsinformatiker aus Frankfurt angelabert, ob er nicht mal bei uns mitfahren kann, weil ihm langweilig war. Es hatte sich schon rumgesprochen, da\u00df zwei bekloppte Deutsche hier zelten, die wie die Irren die Berge rauffahren, um sich dann mit ihrem Motorrad zu photographieren.<\/p>\n<p>Am n\u00e4chsten Tag stand dann der Lauzet auf dem Plan und dieser Berg sollte sich als das Brutalste herausstellen, was wir jemals unter die R\u00e4der bekommen sollten. Der Weg auf den Gipfel war noch relativ einfach, aber dann entschieden wir uns f\u00fcr die Abfahrt eine andere Route zu nehmen. Diese stellte sich als der reinste Wahnsinn heraus mit einer Steigung von praktisch nie weniger als 45\u00b0 abw\u00e4rts und oft Fu\u00dfball gro\u00dfen Steinen auf dem Weg. F\u00fcr 5 km Abfahrt brauchten wir gut 2 Stunden, da wir teilweise die Motorr\u00e4der einzeln den Berg herunter getragen haben. Wir haben ganz sch\u00f6n geflucht, aber im Nachhinein war\u2019s doch ziemlich lustig. Den Tag vor unserer Heimreise haben wir dann ganz gem\u00fctlich angehen lassen und uns mal richtig entspannt.<\/p>\n<p>Den Lohn f\u00fcr die ganzen Strapazen konnten wir dann Ende November bei der Siegerehrung ernten. Wir erreichten mit unseren 68 Zielen und 1972,03 Punkten den vierten Platz in der Gesamtwertung und bekamen beide einen riesigen Pokal \u00fcberreicht.<\/p>\n<p>Diese Alpenfahrt hat so richtig Lust auf mehr gemacht.<br \/>\n<em><span style=\"text-decoration: underline;\">UWE<\/span><\/em><\/p>\n<p>&nbsp;<\/p>\n<h1>So sehen es Einsteiger&#8230;<\/h1>\n<blockquote><p>&#8222;&#8230;Mer faahrn emool weid\u00e4, biss nix m\u00e4\u00e4 geehd!&#8230;&#8220;<em><br \/>\n<\/em><\/p><\/blockquote>\n<p>Ich geb&#8217;s gleich zu, dass ich ein Saisonkennzeichenfahrer bin und das auch noch nicht einmal ein Jahr. Dies ist ein echter 3Tagegeplant- und nach 2TageschonHeimfahrer-Bericht, denn kurz nach der morgendlichen Abfahrt am Samstag vor Pfingsten haben wir auch schon die Regenkombis anziehen m\u00fcssen. Diesmal gings zu viert ab in die Alpen irgendwo in der Zentralschweiz beim Furka- und St. Gotthardpass.<\/p>\n<p>Wo das ist? Von Karlsruhe die A5 runter immer Richtung S\u00fcden anderthalb Tankf\u00fcllungen lang, dann die Abfahrt runter und: Kurven. Das ist gleich ein Schock nach so langem Geradeausfahren. Wenn man aber im ersten unbeleuchteten Tunnel die 90\u00b0 Kurve nicht \u00fcbersehen hat, dann hat man gute Chancen, auf dem ersten &#8218;Passfoto&#8216; auch selbst mit einem kleinen L\u00e4cheln zu sehen zu sein. Brrrr, hier ist es \u00fcbrigens saukalt mit dem T-Shirt, das heute morgen beim Packen in der Pfalz schon leicht verschwitzt war. Die Temperaturen sind eher was f\u00fcr die SchonvormPasswarmAnzieher, denn im Juni liegt da oben noch richtig viel Schnee. Aber mittlerweile ist es auch schon fast Mittag, weshalb wir auf den Grimselpass fahren und dort etwas essen. Im Gegensatz zur schmalen Gulaschsuppentasse hat der Pass breite Stra\u00dfen und es sind unendlich viele Motorr\u00e4der unterwegs.<\/p>\n<p>Wir haben es auch nicht mehr weit zu unserem Hotel in Realp. Als wir zum Furkapass hinauffahren, schrauben wir uns immer weiter in den Regen hinein. Die Stra\u00dfe sieht echt gut aus, wenn man mal das Visier kurz hochklappt. Das Hotel ist mit 60 SFr recht teuer und wir sind schon um 16 Uhr dort. Weil es gerade kurz aufgeh\u00f6rt hat zu regnen, fahren wir um f\u00fcnf noch mal raus Richtung St. Gotthard. Gut, dass es hier wieder regnet, denn die Strecke ist doch recht langweilig. Aber da ist ja noch der kleine abgelegene See (Ritomsee!) als Ziel in der Tabelle aufgef\u00fchrt! Da fahrn wir nat\u00fcrlich hin und landen nach kurzer Zeit in einem italienischen Hinterhofdorf wo keiner mehr wei\u00df, was nun die Stra\u00dfe ist. Zum See darf man logischerweise morgens nur rauffahren und abends nur runter. Da wir keinen R\u00fcckw\u00e4rtsgang haben, reicht das Foto vom Verbotsschild (EinfahrtverbotenschildFotografierer).<\/p>\n<p>Weil es jetzt wirklich kalt wird, fahren wir nicht durch den Gotthardtunnel, sondern wieder \u00fcber den Pass zur\u00fcck zum Hotel. Dort gibt es dann auch mal was zu essen. Die ganze Nacht regnet es so weiter und wir beschlie\u00dfen, am n\u00e4chsten Tag heimzufahren, jedoch nicht ohne drei P\u00e4sse zu machen. Einer davon ist der Klausenpass. Das ist ein echt empfehlenswertes St\u00fcckchen Kurve in den Alpen. Auch wenn ich der langsamste von unserer Truppe bin und einige Motorradfahrer vorbeilasse, diese Strasse macht so richtig Spa\u00df, ob rauf oder runter. Da war es entt\u00e4uschend, das der Pragelpass schon im Ort als geschlossen angek\u00fcndigt wurde. &#8218;Mer faahrn emool weid\u00e4, biss nix m\u00e4\u00e4 geehd!&#8216; Am dritten &#8218;Chiuso&#8216; Schild halten wir an, denn die Strasse ist sehr schmal geworden und ein rotes Rund mit wei\u00dfem Balken steht auch da. Wir wollen es schon fotografieren, da kommt ein Radfahrer daher: &#8218;Wollet ihr \u00fcbern Pass r\u00fcber? Sonntags steht als Gendamerie dort und kontrolliert! Ich fahr kurz rauf und dann komm ich wieder und wink euch, wenn alles klar ischt!&#8216; Ungl\u00e4ubig schauen wir hinterher wie er nach ein paar Biegungen den Berg hinauf verschwindet &#8230; und tats\u00e4chlich wieder nach einiger Zeit auftaucht. &#8218;S&#8217;isch alles in Ordnung, ihr k\u00f6nnet fahre!&#8216;. Das machten wir dann auch. Schmal wars aber Polizei war nicht zu sehen. Diese Technik kann wohl f\u00fcr andere geschlossene P\u00e4sse nicht empfohlen werden, da es unter Umst\u00e4nden etwas l\u00e4nger dauern k\u00f6nnte, bis ein solcher Fahrradfahrer vorbeikommt.<\/p>\n<p>Nach diesem einsamen Pass mussten wir auch schon wieder Richtung Heimat fahren. Auch da hat sich der Regenkombi wieder gelohnt. Letztendlich war es f\u00fcr mich aber doch noch ein guter erster Eindruck vom Motorradrevier Alpen. Vielleicht werde ich ja noch einmal mitfahren, die Vignette klebt ja schlie\u00dflich an der Transalp.<br \/>\n<span style=\"text-decoration: underline;\"><em>MARIO<\/em><\/span><\/p>\n<p>&nbsp;<\/p>\n<h1>So l\u00e4uft es normal ab&#8230;<\/h1>\n<blockquote><p>&#8222;&#8230;awwer heit misse mer mol richdich Druck gewwe&#8230;&#8220;<\/p><\/blockquote>\n<p>Ich will Euch etwas \u00fcber die geistige Umnachtung von Twens (sogenannten jungen Erwachsenen) schreiben. Ihr fragt Euch, weshalb sollen die Typen (genauer hierzu Markus, Joachim, Uwe, und ich) ein anderes geistiges Niveau (mit gewissen Toleranzen) haben, als dies der durchschnittliche Twen tut. Nun ich will Euch gerne sagen weshalb.<\/p>\n<p>Wir vier sind im Jahre des Herrn 1996 aufgebrochen, um uns den Alpenpokal zu holen. Ziel dieses Pokals ist es mit dem Motorrad durch m\u00f6glichst viele Alpenl\u00e4nder zu heizen, und dabei die Natur nicht zu genie\u00dfen (kostet zu viel Zeit). Denn schlie\u00dflich ist es ja eine wichtige Aufgabe, von m\u00f6glichst vielen P\u00e4ssen oder abgelegenen H\u00fctten oder bl\u00f6dsinnigen Aussichtspunkten oder von irgendwelchen Durchfahrt-Verboten-Schildern ein Foto mit dem Motorrad und dem Fahrer zu machen. Ja so ist das.<\/p>\n<p>Hiermit ist m\u00f6glicherweise immer noch nicht ganz gekl\u00e4rt, warum das Ganze mit geistiger Umnachtung zu tun hat? Schlie\u00dflich ist es ja toll mit dem Motorrad in den Alpen die Serpentinen hoch- und wieder runterzujagen. Wenn das aber nur gemacht wird, um einen Pokal zu ergattern, dessen Materialwert geringer ist, als die Entwicklungskosten f\u00fcr die eingesandten Fotos, und dabei manchmal den Spa\u00df an der Sache ver(m)gisst (Zitat: Awwer heit misse mer mol richdich Druck gewwe), dann mag das erkl\u00e4ren, weshalb ich von wenigsten einer zeitweisen Minderbemittelung unserer vier Fahrer spreche.<\/p>\n<p>Da nun bei Markus und bei mir die gleiche Seuche im Jahr 1998 wieder ausgebrochen ist (periodical absence of consciousness), schreibe ich Euch, wo wir uns so rumgetrieben haben. Zuerst mu\u00df man glaube ich erw\u00e4hnen, da\u00df man so eine gro\u00dfangelegte Sache wie die Eroberung eines Pokals nicht in einem Feldzug erledigen kann. Und so kam es, da\u00df wir uns am Pfingstmontag zu nachtschlafender Zeit auf den Weg nach Liechtenstein und der Schweiz machten, um dort zwei Ziele anzufahren. Nachdem wir gl\u00fccklich die lichtensteiner Grenze \u00fcberschritten hatten, a\u00dfen wir zuerst eine Pizza, eine Sache die sich im Laufe der Zeit noch \u00f6fters wiederholt hat, ohne da\u00df es im einzelnen erw\u00e4hnt w\u00fcrde.Wir haben dann, weil wir so gut in der Zeit lagen, Lichtenstein so klein ist und die Schweiz so nah liegt, einen kurzen Abstecher in die Schweiz unternommen und so an einem Tag drei Ziele und zwei L\u00e4nder befahren.<\/p>\n<p>Nachdem wir zu Hause waren, wollte keiner mehr wirklich aufs Motorrad steigen. Die zweite Fahrt war aber dann etwas gem\u00e4chlicher geplant gewesen. Runde zwei Wochen in den italienischen Alpen war dann schon besser (von einigen Ausnahmen wie dem Kreuzbergpa\u00df oder wars Kreufeld-Jacob-Pa\u00df? Mal abgesehen. Vier Stunden durch str\u00f6menden Regen, um dann ein Ziel zu fotografieren, das auch noch kaum Punkte eingebracht hat). Neben den Dolomiten, die ich generell, besonders aber Motorradfahrern, die Kurven lieben, empfehlen kann, machten wir auch den Friaul und an einem Tag sogar das benachbarte friedliche Slowenien mit dem Mangart (ein Berg) unsicher. Das Ganze hatte schon was, 3500 km im dritten oder vierten Gang. Nach diesem Tourchen hatten wir dann 67 Ziele angefahren (ich kann aber versichern, es geht allen wieder den Umst\u00e4nden entsprechend).<\/p>\n<p>Da uns das viel zuwenig war, dachten wir uns, einmal Gotthard und zur\u00fcck. Als setzten wir uns eines unschuldigen Samstags auf unsere Maschinen, und fuhren in die Schweiz (zum zweiten mal). Dort umrundeten wir einmal das Gotthard-Massiv und kamen nach 16 (in Worten sechzehn oder soviel wie 2 mal 8) Stunden mit 12 neuen Zielen im Gep\u00e4ck (eigentlich nur \u201aFotos\u2018) zur\u00fcck. Macht nach Adam Riese zusammen 82 Ziele.<\/p>\n<p>Da aber selbst das noch nicht ausreichte, um sicher einen Pokal zu erhalten, opferten wir noch ein langes Wochenende, um in die Schweiz (was ganz neues) zu fahren. Dieses Mal waren wir im franz\u00f6sischen Teil der Schweiz genauer im Wallis. Und dass es von hier nur ein Katzensprung nach Frankreich ist, und wir noch ein weiteres Land auf unserer Vermisstenliste ben\u00f6tigten (Austria wurde schnell auf dem R\u00fcckweg von Italien abgehakt), hinterlie\u00dfen wir die Spuren unseres Reifengummis auch in Frankreich (Montblanc mit nicht abgebranntem Tunnel). Zusammen mit den anderen Zielen hatten wir nach dieser Fahrt endlich unser angestrebtes Ziel von 100 Zielen erreicht.<\/p>\n<p>Ja, und was soll ich Euch sagen \u2013 wir haben es geschafft. Mit den Pl\u00e4tzen 6 und 7 der Gesamtwertung (es waren mehr Leute am Start) erhielten wir unseren ersehnten Pokal und in der Mannschaftswertung gabs gleich noch mal den ersten Platz. Und den ersten Platz in der Einzelwertung, nun ja, der erste Platz ging an den Vater von Uwe. Der hatte n\u00e4mlich \u00fcber 300 Ziele angefahren. Man sieht, periodical absence of consciousness erfa\u00dft auch \u00e4ltere Semester.<br \/>\n<em><span style=\"text-decoration: underline;\">ELMAR<\/span><\/em><\/p>\n<p>&nbsp;<\/p>\n<h1>So was sollte nicht passieren&#8230;<\/h1>\n<blockquote><p>&#8222;&#8230;waere er nur ein paar Meter weiter gerutscht, waere er ziemlich komisch dem Abgrund entgegengestuertz, denn da gings verdammt steil nach unten&#8230;&#8220;<\/p><\/blockquote>\n<p>Am fruehen Donnerstag Morgen gehts los. Zu viert machen wir uns auf den Weg in die Schweizer Alpen. Erstes Tanken routinemaessig in Basel nach 200 km. Mittags kommen wir in Martigny an, fahren noch schnell 7 Paesse und finden nach einstuendiger Suche auch mal einen Supermarkt, um etwas zwischen die Zaehne zu bekommen. Dieses Mal geht es uns ziemlich gut, denn weil Joachim dabei ist koennen wir es uns nicht erlauben, eine laengere Zeit ohne Essen zu sein. So verbringen wir oft Zeit in Restaurants. Abends finden wir bei bruetender Hitze gluecklicherweise den Campingplatz im schoenen Sion. Fix und fertig bauen wir unser Zelt auf und gehen was Essen&#8230;<\/p>\n<p>Frisch erholt stuertzen wir uns am naechsten Morgen einem neuen Triumph entgegen: 10 Ziele in 1 Tag. Darunter auch der Mattmarksee, Saas Fee und der billige Simplonpass. Das macht echt Spass. Zu Essen gibts mittags eine Schinkenplatte und abends irgendso ein Menue beim Mc Donalds in Brig. Zuvor irrten wir planlos umher, weil keiner den Weg zum Hohlicht fand. Ausserdem wurde auch der Sprit ziemlich knapp, so dass wir dann doch noch mit dem letzten Tropfen eine Tankstelle fanden.<\/p>\n<p>Am naechsten morgen war Schotter angesagt im Val d&#8217;Heremence. Auch die Fahrt zum Stausee Lac des Dix macht besonders viel Spass, denn hier rutscht immer das Hinterrad weg, wenn man entsprechend in die Spitzkehren einfaehrt. Weiter gehts dann zum Essen: 15 Franken kostet das und war echt gut. Leider haben wir uns den Ranzen so vollgeschlagen, dass wir voellig unkonzentriert aufs Motorrad stiegen. Und so kams zum Sturz: Joachim verlor in einer voellig unbedrohlichen Situation die Kontrolle, stuertzte und rutsche bestimmt 20 Meter auf der Strasse entlang und kommt gerade noch so vor einem Auto zum stehen. Da hatte er verdammt Glueck. Waere er nur ein paar Meter weiter gerutscht, waere er ziemlich komisch dem Abgrund entgegengestuertz, denn da gings verdammt steil nach unten. Zum Glueck ist ihm nichts passiert, aber seine Africa Twin war schrottreif. Die Gabel voellig verbogen. Mit Schrittgeschwindigkeit konnte er trotzdem noch fahren und erreicht schliesslich den Campingplatz.<\/p>\n<p>Mitten in der Nacht kam dann der Anhaenger aus Deutschland. Joachim und das Motorrad wurden abgeholt. Nun waren wir nur noch zu dritt: Elmar, Uwe und ich. Am naechsten Tag gings auch fuer uns heim. Auf der Autobahn passierte auch mir etwas seltsames. Mein selbsgebauter Koffer ging auf und der sich darin befindende Schlafsack baumelte gerade so herum. Und das ganze habe ich noch nicht mal bemerkt. Erst als mich ein Autofahrer darauf aufmerksam machte. Der war echt freundlich, gab mir sogar noch einen Expander, um somit den Koffer wieder zu fixieren. Das haette auch schlimmer ausgehen koennen.<\/p>\n<p>Insgesamt waren diese 4 Tage bis auf den Sturz wirklich schoen: sehr gutes Wetter, schoene Landschaft, und vieles vieles mehr&#8230;<br \/>\n<span style=\"text-decoration: underline;\"><em>MARKUS<\/em><\/span><\/p>\n<p>&nbsp;<\/p>\n<h1>So was kann immer passieren&#8230;<\/h1>\n<blockquote><p>&#8222;&#8230;je hoeher wir kamen, desto mehr ging der Regen in Schnee ueber, und ploetzlich waren wir mittendrin statt nur dabei&#8230;&#8220;<\/p><\/blockquote>\n<p>Dieser Kurztrip sollte eigentlich 3 Tage dauern, aber gleich am ersten Tag lief alles schief. Das Wetter war in Deutschland noch einigermassen OK, und so entschlossen wir uns trotz Krankenschein schnell mal die Dreierrunde in der Zentralschweiz zu fahren (Grimsel, Furka, Susten).<\/p>\n<p>Kaum auf der Autobahn, kam der Regen. Und das gewaltig. Wir fuhren trotzdem weiter und wollten vorher noch am Melchsee-Frutt vorbei. Der war aber wegen Schneefall geschlossen. Macht nix, weiter gehts zum Rosenlaui. Der Weg war ziemlich schmierig, und so verlor ich auf einer Holzbruecke, die in einer Rechtskurve lag, die Kontrolle. Ich flog maechtig auf die Schnauze, das Motorrad war aber noch ziemlich heil. Also kanns nur heissen: Weiter gehts!<\/p>\n<p>Je hoeher wir kamen, desto mehr ging der Regen in Schnee ueber, und ploetzlich waren wir mittendrin statt nur dabei: Trotz Null Sicht beschlossen Uwe und ich, die Engstlenalp hochzufahren. Doch das sollte sich bald raechen. Ziemlich schnell gings aufwaerts bis es nicht mehr weiter ging. Uwes Strassenreifen machten Probleme, sie drehten eigenlich nur noch durch. Und viel besser gings mir auch nicht. Ploetzlich kam noch Glatteis hinzu, ein absolutes Trauma. Also konnten wir nur noch zurueck. Beim Rangieren plotzte das Motorrad noch mal hin, und beim Herunterfahren wurde ich ploetzlich saulangsam: Nur noch ein Zylinder laeuft. Oh Gott! Jetzt hilft erst mal ein Mittagessen.<\/p>\n<p>Schwups war auch schon ein Kawahaendler gefunden, der zwar gutes Werkzeug hatte, aber sonst ziemlich wenig Ueberblick bewies. Nach langem Raetseln waren die Vergaser schnell auseinandergeschraubt. Zusammen gings schlechter. Der Mechaniker verlor dabei eine Buchse und hatte keine mehr vorraetig. Das Wochenende war somit gelaufen. Ursache des Zylinderausetzers war wohl Wasser, das in die Vergaser eintrat, als sich beim Sturz ein Schlauch loeste. Wegen der nun fehlenden Buchse konnte ich nun fortan nur mit Vollgas fahren, sonst fings ungemein an zu stottern und zu ruckeln.<\/p>\n<p>Es war schon ziemlich spaet geworden. Also entschlossen wir uns auf Kosten des Automobilclubs das teuerste Hotel in Lungern zu nehmen. Am naechsten Morgen gings dann mit Vollgas heimwaerts. Eine Woche spaeter war mein Motorrad wieder repariert und im MOTORRAD-Magazin standen unglaubliche Geschichten ueber den Wintereinbruch am Grimsel. Wir waren wie immer live dabei.<br \/>\n<span style=\"text-decoration: underline;\"><em>MARKUS<\/em><\/span><\/p>\n<p>&nbsp;<\/p>\n","protected":false},"excerpt":{"rendered":"<p>So fing es an&#8230; &#8222;&#8230;es hatte sich schon rumgesprochen, da\u00df zwei bekloppte Deutsche hier zelten, die wie die Irren die Berge rauffahren, um sich dann mit ihrem Motorrad zu photographieren&#8230;&#8220; 1994 fuhren Markus und ich zum ersten Mal bei der Alpenfahrt des MFP Unterland e.V. mit. Nat\u00fcrlich gleich mit dem Ziel einen Pokal zu holen. &hellip; <a href=\"https:\/\/alpentouren.net\/?page_id=369\" class=\"more-link\"><span class=\"screen-reader-text\">Einleitung<\/span> weiterlesen <span class=\"meta-nav\">&rarr;<\/span><\/a><\/p>\n","protected":false},"author":1,"featured_media":3279,"parent":0,"menu_order":0,"comment_status":"closed","ping_status":"closed","template":"","meta":{"ngg_post_thumbnail":0,"footnotes":""},"class_list":["post-369","page","type-page","status-publish","has-post-thumbnail","hentry"],"_links":{"self":[{"href":"https:\/\/alpentouren.net\/index.php?rest_route=\/wp\/v2\/pages\/369"}],"collection":[{"href":"https:\/\/alpentouren.net\/index.php?rest_route=\/wp\/v2\/pages"}],"about":[{"href":"https:\/\/alpentouren.net\/index.php?rest_route=\/wp\/v2\/types\/page"}],"author":[{"embeddable":true,"href":"https:\/\/alpentouren.net\/index.php?rest_route=\/wp\/v2\/users\/1"}],"replies":[{"embeddable":true,"href":"https:\/\/alpentouren.net\/index.php?rest_route=%2Fwp%2Fv2%2Fcomments&post=369"}],"version-history":[{"count":20,"href":"https:\/\/alpentouren.net\/index.php?rest_route=\/wp\/v2\/pages\/369\/revisions"}],"predecessor-version":[{"id":1040,"href":"https:\/\/alpentouren.net\/index.php?rest_route=\/wp\/v2\/pages\/369\/revisions\/1040"}],"wp:featuredmedia":[{"embeddable":true,"href":"https:\/\/alpentouren.net\/index.php?rest_route=\/wp\/v2\/media\/3279"}],"wp:attachment":[{"href":"https:\/\/alpentouren.net\/index.php?rest_route=%2Fwp%2Fv2%2Fmedia&parent=369"}],"curies":[{"name":"wp","href":"https:\/\/api.w.org\/{rel}","templated":true}]}}